{"id":2,"date":"2022-07-06T10:56:41","date_gmt":"2022-07-06T10:56:41","guid":{"rendered":"https:\/\/bbnoclegi.kylos.pl\/?page_id=2"},"modified":"2025-06-16T21:26:50","modified_gmt":"2025-06-16T21:26:50","slug":"sample-page","status":"publish","type":"page","link":"https:\/\/przepisyzmojejkuchni24.pl\/en\/","title":{"rendered":"Strona g\u0142\u00f3wna"},"content":{"rendered":"<div class=\"wp-block-columns is-layout-flex wp-container-core-columns-is-layout-9d6595d7 wp-block-columns-is-layout-flex\">\r\n<div class=\"wp-block-column is-vertically-aligned-center is-layout-flow wp-block-column-is-layout-flow\">\r\n<h2 class=\"wp-block-heading\">O nas <\/h2>\r\n\r\n\r\n\r\n<p>To my &#8211; Beatka &amp; Byniu. Po\u0142\u0105czy\u0142a nas prawdziwa pasja do gotowania, a mieszkanie w urokliwych Bieszczadach, gdzie cisza i poznawanie tajemnic otaczaj\u0105cej nas natury motywuje nas do odkrywania \u017cycia i smak\u00f3w coraz bardziej. <br>Czym si\u0119 inspirujemy? &#8211; Otaczaj\u0105cym nas \u015bwiatem i tym, ile mo\u017cemy z niego czerpa\u0107. <\/p>\r\n\r\n\r\n\r\n<div class=\"wp-block-buttons is-layout-flex wp-block-buttons-is-layout-flex\">\r\n<div class=\"wp-block-button\"><a class=\"wp-block-button__link wp-element-button\" href=\"\/index.php\/o-nas\/\">Poznaj nas<\/a><\/div>\r\n<\/div>\r\n<\/div>\r\n\r\n\r\n\r\n<div class=\"wp-block-column is-layout-flow wp-block-column-is-layout-flow\">\r\n<figure class=\"wp-block-image size-full\"><img loading=\"lazy\" decoding=\"async\" width=\"800\" height=\"561\" src=\"https:\/\/bbnoclegi.kylos.pl\/wp-content\/uploads\/2022\/08\/my3-1.jpg\" alt=\"\" class=\"wp-image-243\" srcset=\"https:\/\/przepisyzmojejkuchni24.pl\/wp-content\/uploads\/2022\/08\/my3-1.jpg 800w, https:\/\/przepisyzmojejkuchni24.pl\/wp-content\/uploads\/2022\/08\/my3-1-300x210.jpg 300w, https:\/\/przepisyzmojejkuchni24.pl\/wp-content\/uploads\/2022\/08\/my3-1-768x539.jpg 768w, https:\/\/przepisyzmojejkuchni24.pl\/wp-content\/uploads\/2022\/08\/my3-1-150x105.jpg 150w, https:\/\/przepisyzmojejkuchni24.pl\/wp-content\/uploads\/2022\/08\/my3-1-582x408.jpg 582w\" sizes=\"auto, (max-width: 800px) 100vw, 800px\" \/><\/figure>\r\n<\/div>\r\n<\/div>\r\n\r\n\r\n\r\n<div class=\"wp-block-columns is-layout-flex wp-container-core-columns-is-layout-9d6595d7 wp-block-columns-is-layout-flex\">\r\n<div class=\"wp-block-column is-layout-flow wp-block-column-is-layout-flow\">\r\n<figure class=\"wp-block-image alignwide size-full\"><img loading=\"lazy\" decoding=\"async\" width=\"800\" height=\"537\" src=\"https:\/\/bbnoclegi.kylos.pl\/wp-content\/uploads\/2022\/08\/las3.jpg\" alt=\"\" class=\"wp-image-244\" srcset=\"https:\/\/przepisyzmojejkuchni24.pl\/wp-content\/uploads\/2022\/08\/las3.jpg 800w, https:\/\/przepisyzmojejkuchni24.pl\/wp-content\/uploads\/2022\/08\/las3-300x201.jpg 300w, https:\/\/przepisyzmojejkuchni24.pl\/wp-content\/uploads\/2022\/08\/las3-768x516.jpg 768w, https:\/\/przepisyzmojejkuchni24.pl\/wp-content\/uploads\/2022\/08\/las3-150x101.jpg 150w, https:\/\/przepisyzmojejkuchni24.pl\/wp-content\/uploads\/2022\/08\/las3-582x391.jpg 582w\" sizes=\"auto, (max-width: 800px) 100vw, 800px\" \/><\/figure>\r\n<\/div>\r\n\r\n\r\n\r\n<div class=\"wp-block-column is-vertically-aligned-center is-layout-flow wp-block-column-is-layout-flow\">\r\n<h2 class=\"wp-block-heading\">Troch\u0119 o mnie<\/h2>\r\n\r\n\r\n\r\n<p>Uwielbiam natur\u0119 i wszystko co z ni\u0105 zwi\u0105zane, a ponad wszystko uwielbiam gotowa\u0107. Ciesz\u0119 si\u0119, \u017ce odnalaz\u0142em moja przysta\u0144 w\u0142a\u015bnie tutaj &#8211; na Podkarpaciu. Spacery po lesie i g\u00f3rskich szlakach to moje \u017cycie i moja <a href=\"https:\/\/macrodom.com.ua\/ \">macrodom<\/a>.<\/p>\r\n\r\n\r\n\r\n<div class=\"wp-block-buttons is-layout-flex wp-block-buttons-is-layout-flex\">\r\n<div class=\"wp-block-button\"><a class=\"wp-block-button__link wp-element-button\" href=\"https:\/\/przepisyzmojejkuchni24.pl\/en\/o-nas\/#o-mnie\" rel=\"\">Poznaj mnie<\/a><\/div>\r\n<\/div>\r\n<\/div>\r\n<\/div>\r\n\r\n\r\n\r\n<p><\/p>","protected":false},"excerpt":{"rendered":"<p>O nas To my &#8211; Beatka &amp; Byniu. Po\u0142\u0105czy\u0142a nas prawdziwa pasja do gotowania, a mieszkanie w urokliwych Bieszczadach, gdzie cisza i poznawanie tajemnic otaczaj\u0105cej nas natury motywuje nas do odkrywania \u017cycia i smak\u00f3w coraz bardziej. Czym si\u0119 inspirujemy? &#8211; Otaczaj\u0105cym nas \u015bwiatem i tym, ile mo\u017cemy z niego czerpa\u0107. Troch\u0119 o mnie Uwielbiam natur\u0119 [&hellip;]<\/p>","protected":false},"author":4,"featured_media":0,"parent":0,"menu_order":0,"comment_status":"closed","ping_status":"closed","template":"template-home.php","meta":{"footnotes":""},"class_list":["post-2","page","type-page","status-publish","hentry","clearfix"],"_links":{"self":[{"href":"https:\/\/przepisyzmojejkuchni24.pl\/en\/wp-json\/wp\/v2\/pages\/2","targetHints":{"allow":["GET"]}}],"collection":[{"href":"https:\/\/przepisyzmojejkuchni24.pl\/en\/wp-json\/wp\/v2\/pages"}],"about":[{"href":"https:\/\/przepisyzmojejkuchni24.pl\/en\/wp-json\/wp\/v2\/types\/page"}],"author":[{"embeddable":true,"href":"https:\/\/przepisyzmojejkuchni24.pl\/en\/wp-json\/wp\/v2\/users\/4"}],"replies":[{"embeddable":true,"href":"https:\/\/przepisyzmojejkuchni24.pl\/en\/wp-json\/wp\/v2\/comments?post=2"}],"version-history":[{"count":0,"href":"https:\/\/przepisyzmojejkuchni24.pl\/en\/wp-json\/wp\/v2\/pages\/2\/revisions"}],"wp:attachment":[{"href":"https:\/\/przepisyzmojejkuchni24.pl\/en\/wp-json\/wp\/v2\/media?parent=2"}],"curies":[{"name":"wp","href":"https:\/\/api.w.org\/{rel}","templated":true}]}}