{"id":20,"date":"2022-07-19T10:06:55","date_gmt":"2022-07-19T10:06:55","guid":{"rendered":"https:\/\/bbnoclegi.kylos.pl\/?page_id=20"},"modified":"2025-06-15T16:35:55","modified_gmt":"2025-06-15T16:35:55","slug":"o-nas","status":"publish","type":"page","link":"https:\/\/przepisyzmojejkuchni24.pl\/en\/o-nas\/","title":{"rendered":"O nas"},"content":{"rendered":"<h2 class=\"wp-block-heading has-text-align-center\">My &#8211; Beatka i Byniu<\/h2>\n\n\n\n<p class=\"has-text-align-center\">Po\u0142\u0105czy\u0142a na wielka<strong> pasja do gotowania<\/strong>, <strong>natury<\/strong> i <strong>wszystkiego, z czego mo\u017cna czerpa\u0107 rado\u015b\u0107<\/strong>.<\/p>\n\n\n\n<div class=\"wp-block-columns is-layout-flex wp-container-core-columns-is-layout-9d6595d7 wp-block-columns-is-layout-flex\">\n<div class=\"wp-block-column is-layout-flow wp-block-column-is-layout-flow\">\n<figure class=\"wp-block-image size-full\"><img loading=\"lazy\" decoding=\"async\" width=\"800\" height=\"533\" src=\"https:\/\/bbnoclegi.kylos.pl\/wp-content\/uploads\/2022\/08\/my2.jpg\" alt=\"\" class=\"wp-image-246\" srcset=\"https:\/\/przepisyzmojejkuchni24.pl\/wp-content\/uploads\/2022\/08\/my2.jpg 800w, https:\/\/przepisyzmojejkuchni24.pl\/wp-content\/uploads\/2022\/08\/my2-300x200.jpg 300w, https:\/\/przepisyzmojejkuchni24.pl\/wp-content\/uploads\/2022\/08\/my2-768x512.jpg 768w, https:\/\/przepisyzmojejkuchni24.pl\/wp-content\/uploads\/2022\/08\/my2-150x100.jpg 150w, https:\/\/przepisyzmojejkuchni24.pl\/wp-content\/uploads\/2022\/08\/my2-582x388.jpg 582w\" sizes=\"auto, (max-width: 800px) 100vw, 800px\" \/><\/figure>\n<\/div>\n\n\n\n<div class=\"wp-block-column is-vertically-aligned-center is-layout-flow wp-block-column-is-layout-flow\">\n<p> Z poznawania tajemnic przyrody otaczaj\u0105cej nas dooko\u0142a, z w\u0119dr\u00f3wek po g\u00f3rach i lasach w naszym otoczeniu, z poznawania wspania\u0142ych pasjonat\u00f3w, kt\u00f3rzy potrafili znale\u017a\u0107 spos\u00f3b na \u017cycie i w swojej pasji doszli do perfekcji, z poznawania dok\u0142adnej historii ziemi , ludzi i miejsca, w kt\u00f3rym mieszkamy. <\/p>\n<\/div>\n<\/div>\n\n\n\n<div class=\"wp-block-columns is-layout-flex wp-container-core-columns-is-layout-9d6595d7 wp-block-columns-is-layout-flex\">\n<div class=\"wp-block-column is-layout-flow wp-block-column-is-layout-flow\">\n<p class=\"has-text-align-center\">Ten kawa\u0142ek Bieszczad\u00f3w w kt\u00f3rym nie\u0142atwo \u017cy\u0107 daje nam obojgu energi\u0119 do tworzenia nowych rzeczy i si\u0119gania po coraz to nowsze wyzwania. Szcz\u0119\u015bciem dla mnie nie jest ani zawrotna kariera, ani p\u0119d wielkich miast. Nie jest nim te\u017c uznanie ludzi. Obudzi\u0142em si\u0119 powoli i stopniowo, ale jednak&#8230;<\/p>\n\n\n\n<div class=\"wp-block-columns is-layout-flex wp-container-core-columns-is-layout-9d6595d7 wp-block-columns-is-layout-flex\" id=\"o-mnie\">\n<div class=\"wp-block-column is-vertically-aligned-center is-layout-flow wp-block-column-is-layout-flow\">\n<h2 class=\"wp-block-heading has-text-align-right\">Teraz troch\u0119 o mnie&#8230;<\/h2>\n\n\n\n<p class=\"has-text-align-right\">Gdy stajemy si\u0119 coraz starsi, czas zyskuje dla nas szczeg\u00f3ln\u0105 warto\u015b\u0107. Los da\u0142 mi kolejn\u0105 szans\u0119 i tak pisz\u0119 kolejny rozdzia\u0142 mojego \u017cycia. Wymaga to daleko id\u0105cych zmian, ale tym razem wykorzystam swoj\u0105 szans\u0119. Postanowi\u0142em przenie\u015b\u0107 si\u0119 bli\u017cej natury, w przepi\u0119kne okolice, gdzie w niewielkiej odleg\u0142o\u015bci s\u0105 jeszcze miejsca nieska\u017cone cywilizacj\u0105. Uwielbiam w\u0119dr\u00f3wki po lesie i w naszych g\u00f3rach \u2014 przepi\u0119kne widoki, kt\u00f3re daj\u0105 poczucie wolno\u015bci. A dzi\u0119ki temu, \u017ce mog\u0119 <a href=\"https:\/\/hausarbeit-ghostwriter.com\/preise\/\" style=\"color: inherit; text-decoration: none;\">hausarbeit schreiben lassen<\/a> (co po niemiecku oznacza \u201ezleci\u0107 napisanie pracy domowej\u201d), mam wi\u0119cej czasu na te w\u0119dr\u00f3wki i na \u017cycie w zgodzie z natur\u0105.<\/p>\n<\/div>\n\n\n\n<div class=\"wp-block-column is-layout-flow wp-block-column-is-layout-flow\"><div class=\"wp-block-image\">\n<figure class=\"aligncenter size-full\"><img loading=\"lazy\" decoding=\"async\" width=\"720\" height=\"960\" src=\"https:\/\/bbnoclegi.kylos.pl\/wp-content\/uploads\/2022\/08\/ja.jpg\" alt=\"\" class=\"wp-image-242\" srcset=\"https:\/\/przepisyzmojejkuchni24.pl\/wp-content\/uploads\/2022\/08\/ja.jpg 720w, https:\/\/przepisyzmojejkuchni24.pl\/wp-content\/uploads\/2022\/08\/ja-225x300.jpg 225w, https:\/\/przepisyzmojejkuchni24.pl\/wp-content\/uploads\/2022\/08\/ja-113x150.jpg 113w, https:\/\/przepisyzmojejkuchni24.pl\/wp-content\/uploads\/2022\/08\/ja-582x776.jpg 582w\" sizes=\"auto, (max-width: 720px) 100vw, 720px\" \/><\/figure>\n<\/div><\/div>\n<\/div>\n\n\n\n<p class=\"has-text-align-center\"><strong>Las<\/strong> by\u0142 dla mnie zawsze nieod\u0142\u0105czn\u0105 cz\u0119\u015bci\u0105 \u017cycia. Otrzyma\u0142em nowy las, <strong>niezwykle pi\u0119kny, bogaty <\/strong>w zadziwiaj\u0105c\u0105 przyrod\u0119.<\/p>\n\n\n\n<div class=\"wp-block-columns are-vertically-aligned-center is-layout-flex wp-container-core-columns-is-layout-9d6595d7 wp-block-columns-is-layout-flex\">\n<div class=\"wp-block-column is-vertically-aligned-center is-layout-flow wp-block-column-is-layout-flow\">\n<figure class=\"wp-block-image size-full\"><img loading=\"lazy\" decoding=\"async\" width=\"800\" height=\"537\" src=\"https:\/\/bbnoclegi.kylos.pl\/wp-content\/uploads\/2022\/08\/las2.jpg\" alt=\"\" class=\"wp-image-247\" srcset=\"https:\/\/przepisyzmojejkuchni24.pl\/wp-content\/uploads\/2022\/08\/las2.jpg 800w, https:\/\/przepisyzmojejkuchni24.pl\/wp-content\/uploads\/2022\/08\/las2-300x201.jpg 300w, https:\/\/przepisyzmojejkuchni24.pl\/wp-content\/uploads\/2022\/08\/las2-768x516.jpg 768w, https:\/\/przepisyzmojejkuchni24.pl\/wp-content\/uploads\/2022\/08\/las2-150x101.jpg 150w, https:\/\/przepisyzmojejkuchni24.pl\/wp-content\/uploads\/2022\/08\/las2-582x391.jpg 582w\" sizes=\"auto, (max-width: 800px) 100vw, 800px\" \/><\/figure>\n<\/div>\n\n\n\n<div class=\"wp-block-column is-vertically-aligned-center is-layout-flow wp-block-column-is-layout-flow\">\n<p> <strong>Grzyby <\/strong>widoczne na zdj\u0119ciu nazywane s\u0105 tutaj podlaskami o twardej strukturze i wspania\u0142ym smaku. Oczywi\u015bcie go\u0142\u0105bki s\u0105 te\u017c nieocenionym darem tego lasu. Wszystko to i blisko\u015b\u0107 \u017cyczliwych mi os\u00f3b <strong>inspiruje mnie<\/strong> do dzia\u0142ania, budzi u\u015bpion\u0105 <strong>ch\u0119\u0107 do \u017cycia<\/strong>, napawa ogromnym optymizmem.<\/p>\n<\/div>\n<\/div>\n\n\n\n<div class=\"wp-block-columns are-vertically-aligned-center is-layout-flex wp-container-core-columns-is-layout-9d6595d7 wp-block-columns-is-layout-flex\">\n<div class=\"wp-block-column is-vertically-aligned-center is-layout-flow wp-block-column-is-layout-flow\">\n<p class=\"has-text-align-right\">Znalaz\u0142em <strong>moje miejsce na ziemi,<\/strong> ma\u0142\u0105 ojczyzn\u0119 w\u015br\u00f3d <strong>urokliwych krajobraz\u00f3w Podkarpacia<\/strong>, gdzie na wyci\u0105gni\u0119cie r\u0119ki mam <strong>le\u015bn\u0105 cisz\u0119,<\/strong> <strong>ziele\u0144 bieszczadzkich g\u00f3r<\/strong>, atmosfer\u0119 jakby zapomnianych przez czas wiosek, no i kochane hucu\u0142y, kozy, owce. Hucu\u0142y &#8211; konie cho\u0107 prymitywnej g\u00f3rskiej rasy, s\u0105 \u017cywotne, silne i odporne.<\/p>\n<\/div>\n\n\n\n<div class=\"wp-block-column is-vertically-aligned-center is-layout-flow wp-block-column-is-layout-flow\"><div class=\"wp-block-image\">\n<figure class=\"aligncenter size-full\"><img loading=\"lazy\" decoding=\"async\" width=\"800\" height=\"534\" src=\"https:\/\/bbnoclegi.kylos.pl\/wp-content\/uploads\/2022\/08\/kozy.jpg\" alt=\"\" class=\"wp-image-249\" srcset=\"https:\/\/przepisyzmojejkuchni24.pl\/wp-content\/uploads\/2022\/08\/kozy.jpg 800w, https:\/\/przepisyzmojejkuchni24.pl\/wp-content\/uploads\/2022\/08\/kozy-300x200.jpg 300w, https:\/\/przepisyzmojejkuchni24.pl\/wp-content\/uploads\/2022\/08\/kozy-768x513.jpg 768w, https:\/\/przepisyzmojejkuchni24.pl\/wp-content\/uploads\/2022\/08\/kozy-150x100.jpg 150w, https:\/\/przepisyzmojejkuchni24.pl\/wp-content\/uploads\/2022\/08\/kozy-582x388.jpg 582w\" sizes=\"auto, (max-width: 800px) 100vw, 800px\" \/><\/figure>\n<\/div><\/div>\n<\/div>\n\n\n\n<p><\/p>\n\n\n\n<p class=\"has-text-align-center\"><br>Ka\u017cde spotkanie z przyrod\u0105 umacnia mnie i nastraja pozytywnie do \u017cycia i czynu.<br>T\u0105 przysta\u0144 znalaz\u0142em na Podkarpaciu.<br>Mam tu przestrze\u0144, kt\u00f3ra delikatnie dotyka dusz\u0119, staje si\u0119 inspiracj\u0105, podstaw\u0105 dobrego samopoczucia i szcz\u0119\u015bcia.<\/p>\n\n\n\n<h3 class=\"wp-block-heading has-text-align-center\">Zaczynam nowe \u017cycie&#8230;..tym razem swoje.<\/h3>\n<\/div>\n<\/div>","protected":false},"excerpt":{"rendered":"<p>My &#8211; Beatka i Byniu Po\u0142\u0105czy\u0142a na wielka pasja do gotowania, natury i wszystkiego, z czego mo\u017cna czerpa\u0107 rado\u015b\u0107. Z poznawania tajemnic przyrody otaczaj\u0105cej nas dooko\u0142a, z w\u0119dr\u00f3wek po g\u00f3rach i lasach w naszym otoczeniu, z poznawania wspania\u0142ych pasjonat\u00f3w, kt\u00f3rzy potrafili znale\u017a\u0107 spos\u00f3b na \u017cycie i w swojej pasji doszli do perfekcji, z poznawania dok\u0142adnej [&hellip;]<\/p>","protected":false},"author":1,"featured_media":0,"parent":0,"menu_order":0,"comment_status":"closed","ping_status":"closed","template":"","meta":{"footnotes":""},"class_list":["post-20","page","type-page","status-publish","hentry","clearfix"],"_links":{"self":[{"href":"https:\/\/przepisyzmojejkuchni24.pl\/en\/wp-json\/wp\/v2\/pages\/20","targetHints":{"allow":["GET"]}}],"collection":[{"href":"https:\/\/przepisyzmojejkuchni24.pl\/en\/wp-json\/wp\/v2\/pages"}],"about":[{"href":"https:\/\/przepisyzmojejkuchni24.pl\/en\/wp-json\/wp\/v2\/types\/page"}],"author":[{"embeddable":true,"href":"https:\/\/przepisyzmojejkuchni24.pl\/en\/wp-json\/wp\/v2\/users\/1"}],"replies":[{"embeddable":true,"href":"https:\/\/przepisyzmojejkuchni24.pl\/en\/wp-json\/wp\/v2\/comments?post=20"}],"version-history":[{"count":0,"href":"https:\/\/przepisyzmojejkuchni24.pl\/en\/wp-json\/wp\/v2\/pages\/20\/revisions"}],"wp:attachment":[{"href":"https:\/\/przepisyzmojejkuchni24.pl\/en\/wp-json\/wp\/v2\/media?parent=20"}],"curies":[{"name":"wp","href":"https:\/\/api.w.org\/{rel}","templated":true}]}}