{"id":27,"date":"2022-07-20T12:51:26","date_gmt":"2022-07-20T12:51:26","guid":{"rendered":"https:\/\/bbnoclegi.kylos.pl\/?page_id=27"},"modified":"2022-08-03T10:41:14","modified_gmt":"2022-08-03T10:41:14","slug":"kontakt","status":"publish","type":"page","link":"https:\/\/przepisyzmojejkuchni24.pl\/en\/kontakt\/","title":{"rendered":"Kontakt"},"content":{"rendered":"<h2 class=\"wp-block-heading\">Wielka ksi\u0105\u017cka kucharska Bynia<\/h2>\n\n\n\n<p>Je\u015bli masz pytania dotycz\u0105ce gotowania lub chcesz podzieli\u0107 si\u0119 przepisem kulinarnym, a do tego jeszcze przepisem tradycyjnym ze swojego regionu po prostu napisz.<br>Mile widziane b\u0119d\u0105 zdj\u0119cia wykonane podczas gotowania.<br>Je\u015bli Ci si\u0119 spodoba\u0142o napisz komentarz. Je\u015bli skorzystasz z przepisu, podziel si\u0119 opini\u0105.<br>Pod ka\u017cdym przepisem jest miejsce na komentarze &#8211; serdecznie zapraszam \ud83d\ude42<\/p>\n\n\n\n<h2 class=\"wp-block-heading\">Napisz do mnie:<\/h2>\n\n\n\n<p><a href=\"mailto:ubynia@przepisyzmojejkuchni24.pl\">ubynia@przepisyzmojejkuchni24.pl<\/a><\/p>\n\n\n\n<p><\/p>\n\n\n\n<h2 class=\"wp-block-heading\">Wsp\u00f3\u0142pracujemy z:<\/h2>\n\n\n\n<p>B&amp;B Gastroserwisant &#8211; Ekspert Gastronomiczny <a href=\"https:\/\/bbgastroserwisant.pl\/\">https:\/\/bbgastroserwisant.pl\/<\/a><\/p>\n\n\n\n<div class=\"wp-block-columns is-layout-flex wp-container-core-columns-is-layout-9d6595d7 wp-block-columns-is-layout-flex\">\n<div class=\"wp-block-column is-layout-flow wp-block-column-is-layout-flow\">\n<figure class=\"wp-block-image size-full\"><a href=\"https:\/\/bbgastroserwisant.pl\/\"><img loading=\"lazy\" decoding=\"async\" width=\"464\" height=\"87\" src=\"https:\/\/bbnoclegi.kylos.pl\/wp-content\/uploads\/2022\/07\/bb-gastroserwisant-logo.jpg\" alt=\"\" class=\"wp-image-126\" srcset=\"https:\/\/przepisyzmojejkuchni24.pl\/wp-content\/uploads\/2022\/07\/bb-gastroserwisant-logo.jpg 464w, https:\/\/przepisyzmojejkuchni24.pl\/wp-content\/uploads\/2022\/07\/bb-gastroserwisant-logo-300x56.jpg 300w, https:\/\/przepisyzmojejkuchni24.pl\/wp-content\/uploads\/2022\/07\/bb-gastroserwisant-logo-150x28.jpg 150w\" sizes=\"auto, (max-width: 464px) 100vw, 464px\" \/><\/a><\/figure>\n<\/div>\n<\/div>","protected":false},"excerpt":{"rendered":"<p>Wielka ksi\u0105\u017cka kucharska Bynia Je\u015bli masz pytania dotycz\u0105ce gotowania lub chcesz podzieli\u0107 si\u0119 przepisem kulinarnym, a do tego jeszcze przepisem tradycyjnym ze swojego regionu po prostu napisz.Mile widziane b\u0119d\u0105 zdj\u0119cia wykonane podczas gotowania.Je\u015bli Ci si\u0119 spodoba\u0142o napisz komentarz. Je\u015bli skorzystasz z przepisu, podziel si\u0119 opini\u0105.Pod ka\u017cdym przepisem jest miejsce na komentarze &#8211; serdecznie zapraszam \ud83d\ude42 [&hellip;]<\/p>","protected":false},"author":1,"featured_media":0,"parent":0,"menu_order":0,"comment_status":"closed","ping_status":"closed","template":"","meta":{"footnotes":""},"class_list":["post-27","page","type-page","status-publish","hentry","clearfix"],"_links":{"self":[{"href":"https:\/\/przepisyzmojejkuchni24.pl\/en\/wp-json\/wp\/v2\/pages\/27","targetHints":{"allow":["GET"]}}],"collection":[{"href":"https:\/\/przepisyzmojejkuchni24.pl\/en\/wp-json\/wp\/v2\/pages"}],"about":[{"href":"https:\/\/przepisyzmojejkuchni24.pl\/en\/wp-json\/wp\/v2\/types\/page"}],"author":[{"embeddable":true,"href":"https:\/\/przepisyzmojejkuchni24.pl\/en\/wp-json\/wp\/v2\/users\/1"}],"replies":[{"embeddable":true,"href":"https:\/\/przepisyzmojejkuchni24.pl\/en\/wp-json\/wp\/v2\/comments?post=27"}],"version-history":[{"count":0,"href":"https:\/\/przepisyzmojejkuchni24.pl\/en\/wp-json\/wp\/v2\/pages\/27\/revisions"}],"wp:attachment":[{"href":"https:\/\/przepisyzmojejkuchni24.pl\/en\/wp-json\/wp\/v2\/media?parent=27"}],"curies":[{"name":"wp","href":"https:\/\/api.w.org\/{rel}","templated":true}]}}